{"id":261,"date":"2018-11-21T11:03:21","date_gmt":"2018-11-21T11:03:21","guid":{"rendered":"https:\/\/diana-st-work.colibriwp.com\/default-restaurant\/?page_id=261"},"modified":"2022-11-24T15:41:03","modified_gmt":"2022-11-24T14:41:03","slug":"funerarium","status":"publish","type":"page","link":"https:\/\/funerailleshusniaux.be\/index.php\/funerarium\/","title":{"rendered":"Fun\u00e9rarium"},"content":{"rendered":"<div data-colibri-id=\"261-c1\" class=\"style-395 style-local-261-c1 position-relative\">\r\n  <!---->\r\n  <div data-colibri-component=\"section\" data-colibri-id=\"261-c52\" id=\"photo-gallery\" class=\"h-section h-section-global-spacing d-flex align-items-lg-center align-items-md-center align-items-center style-827 style-local-261-c52 position-relative\">\r\n    <!---->\r\n    <!---->\r\n    <div class=\"h-section-grid-container h-section-boxed-container\">\r\n      <!---->\r\n      <div data-colibri-id=\"261-c53\" class=\"h-row-container gutters-row-lg-1 gutters-row-md-1 gutters-row-2 gutters-row-v-lg-1 gutters-row-v-md-1 gutters-row-v-2 style-828 style-local-261-c53 position-relative\">\r\n        <!---->\r\n        <div class=\"h-row justify-content-lg-center justify-content-md-center justify-content-center align-items-lg-stretch align-items-md-stretch align-items-stretch gutters-col-lg-1 gutters-col-md-1 gutters-col-2 gutters-col-v-lg-1 gutters-col-v-md-1 gutters-col-v-2\">\r\n          <!---->\r\n          <div class=\"h-column h-column-container d-flex h-col-lg-auto h-col-md-auto h-col-auto style-829-outer style-local-261-c54-outer\">\r\n            <div data-colibri-id=\"261-c54\" class=\"d-flex h-flex-basis h-column__inner h-px-lg-2 h-px-md-2 h-px-2 v-inner-lg-2 v-inner-md-2 v-inner-2 style-829 style-local-261-c54 position-relative\">\r\n              <!---->\r\n              <!---->\r\n              <div class=\"w-100 h-y-container h-column__content h-column__v-align flex-basis-100 align-self-lg-center align-self-md-center align-self-center\">\r\n                <!---->\r\n                <div data-colibri-id=\"261-c55\" class=\"h-global-transition-all h-heading style-830 style-local-261-c55 position-relative h-element\">\r\n                  <!---->\r\n                  <div class=\"h-heading__outer style-830 style-local-261-c55\">\r\n                    <!---->\r\n                    <!---->\r\n                    <h2 class=\"\">Fun\u00e9rarium de Lodelinsart<\/h2>\r\n                  <\/div>\r\n                <\/div>\r\n                <div data-colibri-id=\"261-c56\" class=\"h-lead h-text h-text-component style-831 style-local-261-c56 position-relative h-element\">\r\n                  <!---->\r\n                  <!---->\r\n                  <div class=\"\">\r\n                    <p>D\u00e9couvrez en photos notre fun\u00e9rarium de Lodelinsart situ\u00e9 au 138 rue Chausteur \u00e0 6042 Lodelinsart.<\/p>\r\n                  <\/div>\r\n                <\/div>\r\n              <\/div>\r\n            <\/div>\r\n          <\/div>\r\n          <div class=\"h-column h-column-container d-flex h-col-lg-auto h-col-md-auto h-col-auto style-832-outer style-local-261-c57-outer\">\r\n            <div data-colibri-id=\"261-c57\" class=\"d-flex h-flex-basis h-column__inner h-px-lg-0 h-px-md-0 h-px-0 v-inner-lg-0 v-inner-md-0 v-inner-0 style-832 style-local-261-c57 position-relative\">\r\n              <!---->\r\n              <!---->\r\n              <div class=\"w-100 h-y-container h-column__content h-column__v-align flex-basis-100 align-self-lg-center align-self-md-center align-self-center\">\r\n                <!---->\r\n                <div data-colibri-component=\"masonry\" data-colibri-id=\"261-c58\" class=\"h-photo-gallery margin-none caption-none style-833 style-local-261-c58 position-relative h-element\">\r\n                  <!---->\r\n                  <div class=\"h-global-transition-all\"><div id='colibri-261-c58' class='gallery-wrapper'>    <style type=\"text\/css\">\n\n        @media (min-width: 1023px) {        #colibri-261-c58        dl {\n            float: left;\n            width: 33.333333333333% !important;\n            max-width: 33.333333333333% !important;\n            min-width: 33.333333333333% !important;\n        }\n\n        #colibri-261-c58        dl:nth-of-type(3n +1 ) {\n            clear: both;\n        }\n\n        }@media (min-width: 768px) and (max-width: 1023px) {        #colibri-261-c58        dl {\n            float: left;\n            width: 33.333333333333% !important;\n            max-width: 33.333333333333% !important;\n            min-width: 33.333333333333% !important;\n        }\n\n        #colibri-261-c58        dl:nth-of-type(3n +1 ) {\n            clear: both;\n        }\n\n        }@media (max-width: 767px) {        #colibri-261-c58        dl {\n            float: left;\n            width: 50% !important;\n            max-width: 50% !important;\n            min-width: 50% !important;\n        }\n\n        #colibri-261-c58        dl:nth-of-type(2n +1 ) {\n            clear: both;\n        }\n\n        }\n        #colibri-261-c58        .gallery-item {\n            position: relative;\n        }\n\n        \n    <\/style>\n    <div   class='colibri-261-c58-dls-wrapper gallery-items-wrapper' ><dl class='gallery-item masonry-item'>\n\t\t\t<dt class='gallery-icon landscape'>\n\t\t\t\t<a data-fancybox=\"colibri-261-c58-group\" href='https:\/\/funerailleshusniaux.be\/wp-content\/uploads\/2022\/11\/funerarium05.jpg'><img decoding=\"async\"  width=\"300\" height=\"225\" data-src=\"https:\/\/funerailleshusniaux.be\/wp-content\/uploads\/2022\/11\/funerarium05-300x225.jpg\"  class='colibri-261-c58-image lazyload' alt=\"\" data-srcset=\"https:\/\/funerailleshusniaux.be\/wp-content\/uploads\/2022\/11\/funerarium05-300x225.jpg 300w, https:\/\/funerailleshusniaux.be\/wp-content\/uploads\/2022\/11\/funerarium05-1024x768.jpg 1024w, https:\/\/funerailleshusniaux.be\/wp-content\/uploads\/2022\/11\/funerarium05-768x576.jpg 768w, https:\/\/funerailleshusniaux.be\/wp-content\/uploads\/2022\/11\/funerarium05-600x450.jpg 600w, https:\/\/funerailleshusniaux.be\/wp-content\/uploads\/2022\/11\/funerarium05.jpg 1280w\" data-sizes=\"(max-width: 300px) 100vw, 300px\" src=\"data:image\/svg+xml;base64,PHN2ZyB3aWR0aD0iMSIgaGVpZ2h0PSIxIiB4bWxucz0iaHR0cDovL3d3dy53My5vcmcvMjAwMC9zdmciPjwvc3ZnPg==\" style=\"--smush-placeholder-width: 300px; --smush-placeholder-aspect-ratio: 300\/225;\" \/><\/a>\n\t\t\t<\/dt><\/dl><dl class='gallery-item masonry-item'>\n\t\t\t<dt class='gallery-icon landscape'>\n\t\t\t\t<a data-fancybox=\"colibri-261-c58-group\" href='https:\/\/funerailleshusniaux.be\/wp-content\/uploads\/2022\/11\/funerarium04.jpg'><img decoding=\"async\"  width=\"300\" height=\"225\" data-src=\"https:\/\/funerailleshusniaux.be\/wp-content\/uploads\/2022\/11\/funerarium04-300x225.jpg\"  class='colibri-261-c58-image lazyload' alt=\"\" data-srcset=\"https:\/\/funerailleshusniaux.be\/wp-content\/uploads\/2022\/11\/funerarium04-300x225.jpg 300w, https:\/\/funerailleshusniaux.be\/wp-content\/uploads\/2022\/11\/funerarium04-1024x768.jpg 1024w, https:\/\/funerailleshusniaux.be\/wp-content\/uploads\/2022\/11\/funerarium04-768x576.jpg 768w, https:\/\/funerailleshusniaux.be\/wp-content\/uploads\/2022\/11\/funerarium04-600x450.jpg 600w, https:\/\/funerailleshusniaux.be\/wp-content\/uploads\/2022\/11\/funerarium04.jpg 1280w\" data-sizes=\"(max-width: 300px) 100vw, 300px\" src=\"data:image\/svg+xml;base64,PHN2ZyB3aWR0aD0iMSIgaGVpZ2h0PSIxIiB4bWxucz0iaHR0cDovL3d3dy53My5vcmcvMjAwMC9zdmciPjwvc3ZnPg==\" style=\"--smush-placeholder-width: 300px; --smush-placeholder-aspect-ratio: 300\/225;\" \/><\/a>\n\t\t\t<\/dt><\/dl><dl class='gallery-item masonry-item'>\n\t\t\t<dt class='gallery-icon landscape'>\n\t\t\t\t<a data-fancybox=\"colibri-261-c58-group\" href='https:\/\/funerailleshusniaux.be\/wp-content\/uploads\/2022\/11\/funerarium03.jpg'><img decoding=\"async\"  width=\"300\" height=\"225\" data-src=\"https:\/\/funerailleshusniaux.be\/wp-content\/uploads\/2022\/11\/funerarium03-300x225.jpg\"  class='colibri-261-c58-image lazyload' alt=\"\" data-srcset=\"https:\/\/funerailleshusniaux.be\/wp-content\/uploads\/2022\/11\/funerarium03-300x225.jpg 300w, https:\/\/funerailleshusniaux.be\/wp-content\/uploads\/2022\/11\/funerarium03-1024x768.jpg 1024w, https:\/\/funerailleshusniaux.be\/wp-content\/uploads\/2022\/11\/funerarium03-768x576.jpg 768w, https:\/\/funerailleshusniaux.be\/wp-content\/uploads\/2022\/11\/funerarium03-600x450.jpg 600w, https:\/\/funerailleshusniaux.be\/wp-content\/uploads\/2022\/11\/funerarium03.jpg 1280w\" data-sizes=\"(max-width: 300px) 100vw, 300px\" src=\"data:image\/svg+xml;base64,PHN2ZyB3aWR0aD0iMSIgaGVpZ2h0PSIxIiB4bWxucz0iaHR0cDovL3d3dy53My5vcmcvMjAwMC9zdmciPjwvc3ZnPg==\" style=\"--smush-placeholder-width: 300px; --smush-placeholder-aspect-ratio: 300\/225;\" \/><\/a>\n\t\t\t<\/dt><\/dl><dl class='gallery-item masonry-item'>\n\t\t\t<dt class='gallery-icon landscape'>\n\t\t\t\t<a data-fancybox=\"colibri-261-c58-group\" href='https:\/\/funerailleshusniaux.be\/wp-content\/uploads\/2022\/11\/funerarium02-2.jpg'><img decoding=\"async\"  width=\"300\" height=\"225\" data-src=\"https:\/\/funerailleshusniaux.be\/wp-content\/uploads\/2022\/11\/funerarium02-2-300x225.jpg\"  class='colibri-261-c58-image lazyload' alt=\"\" data-srcset=\"https:\/\/funerailleshusniaux.be\/wp-content\/uploads\/2022\/11\/funerarium02-2-300x225.jpg 300w, https:\/\/funerailleshusniaux.be\/wp-content\/uploads\/2022\/11\/funerarium02-2-1024x768.jpg 1024w, https:\/\/funerailleshusniaux.be\/wp-content\/uploads\/2022\/11\/funerarium02-2-768x576.jpg 768w, https:\/\/funerailleshusniaux.be\/wp-content\/uploads\/2022\/11\/funerarium02-2-600x450.jpg 600w, https:\/\/funerailleshusniaux.be\/wp-content\/uploads\/2022\/11\/funerarium02-2.jpg 1280w\" data-sizes=\"(max-width: 300px) 100vw, 300px\" src=\"data:image\/svg+xml;base64,PHN2ZyB3aWR0aD0iMSIgaGVpZ2h0PSIxIiB4bWxucz0iaHR0cDovL3d3dy53My5vcmcvMjAwMC9zdmciPjwvc3ZnPg==\" style=\"--smush-placeholder-width: 300px; --smush-placeholder-aspect-ratio: 300\/225;\" \/><\/a>\n\t\t\t<\/dt><\/dl><dl class='gallery-item masonry-item'>\n\t\t\t<dt class='gallery-icon landscape'>\n\t\t\t\t<a data-fancybox=\"colibri-261-c58-group\" href='https:\/\/funerailleshusniaux.be\/wp-content\/uploads\/2022\/11\/funerarium01-2.jpg'><img decoding=\"async\"  width=\"300\" height=\"225\" data-src=\"https:\/\/funerailleshusniaux.be\/wp-content\/uploads\/2022\/11\/funerarium01-2-300x225.jpg\"  class='colibri-261-c58-image lazyload' alt=\"\" data-srcset=\"https:\/\/funerailleshusniaux.be\/wp-content\/uploads\/2022\/11\/funerarium01-2-300x225.jpg 300w, https:\/\/funerailleshusniaux.be\/wp-content\/uploads\/2022\/11\/funerarium01-2-1024x768.jpg 1024w, https:\/\/funerailleshusniaux.be\/wp-content\/uploads\/2022\/11\/funerarium01-2-768x576.jpg 768w, https:\/\/funerailleshusniaux.be\/wp-content\/uploads\/2022\/11\/funerarium01-2-600x450.jpg 600w, https:\/\/funerailleshusniaux.be\/wp-content\/uploads\/2022\/11\/funerarium01-2.jpg 1280w\" data-sizes=\"(max-width: 300px) 100vw, 300px\" src=\"data:image\/svg+xml;base64,PHN2ZyB3aWR0aD0iMSIgaGVpZ2h0PSIxIiB4bWxucz0iaHR0cDovL3d3dy53My5vcmcvMjAwMC9zdmciPjwvc3ZnPg==\" style=\"--smush-placeholder-width: 300px; --smush-placeholder-aspect-ratio: 300\/225;\" \/><\/a>\n\t\t\t<\/dt><\/dl>\n\t\t\t\n\t\t<\/div>\n<style>#colibri-261-c58 .wp-caption-text.gallery-caption{display:none;}<\/style><\/div><\/div>\r\n                <\/div>\r\n              <\/div>\r\n            <\/div>\r\n          <\/div>\r\n        <\/div>\r\n      <\/div>\r\n    <\/div>\r\n  <\/div>\r\n<\/div>","protected":false},"excerpt":{"rendered":"<p>Fun\u00e9rarium de Lodelinsart D\u00e9couvrez en photos notre fun\u00e9rarium de Lodelinsart situ\u00e9 au 138 rue Chausteur \u00e0 6042 Lodelinsart.<\/p>\n","protected":false},"author":1,"featured_media":0,"parent":0,"menu_order":0,"comment_status":"closed","ping_status":"closed","template":"page-templates\/full-width-page.php","meta":{"om_disable_all_campaigns":false,"_monsterinsights_skip_tracking":false,"_monsterinsights_sitenote_active":false,"_monsterinsights_sitenote_note":"","_monsterinsights_sitenote_category":0,"footnotes":""},"class_list":["post-261","page","type-page","status-publish","hentry"],"aioseo_notices":[],"_links":{"self":[{"href":"https:\/\/funerailleshusniaux.be\/index.php\/wp-json\/wp\/v2\/pages\/261","targetHints":{"allow":["GET"]}}],"collection":[{"href":"https:\/\/funerailleshusniaux.be\/index.php\/wp-json\/wp\/v2\/pages"}],"about":[{"href":"https:\/\/funerailleshusniaux.be\/index.php\/wp-json\/wp\/v2\/types\/page"}],"author":[{"embeddable":true,"href":"https:\/\/funerailleshusniaux.be\/index.php\/wp-json\/wp\/v2\/users\/1"}],"replies":[{"embeddable":true,"href":"https:\/\/funerailleshusniaux.be\/index.php\/wp-json\/wp\/v2\/comments?post=261"}],"version-history":[{"count":5,"href":"https:\/\/funerailleshusniaux.be\/index.php\/wp-json\/wp\/v2\/pages\/261\/revisions"}],"predecessor-version":[{"id":913,"href":"https:\/\/funerailleshusniaux.be\/index.php\/wp-json\/wp\/v2\/pages\/261\/revisions\/913"}],"wp:attachment":[{"href":"https:\/\/funerailleshusniaux.be\/index.php\/wp-json\/wp\/v2\/media?parent=261"}],"curies":[{"name":"wp","href":"https:\/\/api.w.org\/{rel}","templated":true}]}}